{"id":18,"date":"2024-01-27T12:59:12","date_gmt":"2024-01-27T12:59:12","guid":{"rendered":"http:\/\/ruplerandos.digiwox.eu\/?page_id=18"},"modified":"2024-01-29T12:00:25","modified_gmt":"2024-01-29T12:00:25","slug":"haufige-fragen","status":"publish","type":"page","link":"https:\/\/ruplerandos.digiwox.eu\/index.php\/haufige-fragen\/","title":{"rendered":"H\u00e4ufige Fragen"},"content":{"rendered":"\t\t<div data-elementor-type=\"wp-page\" data-elementor-id=\"18\" class=\"elementor elementor-18\" data-elementor-post-type=\"page\">\n\t\t\t\t\t\t\t\t\t<section class=\"elementor-section elementor-top-section elementor-element elementor-element-3a28551 elementor-section-boxed elementor-section-height-default elementor-section-height-default wpr-particle-no wpr-jarallax-no wpr-parallax-no wpr-sticky-section-no\" data-id=\"3a28551\" data-element_type=\"section\" data-settings=\"{&quot;background_background&quot;:&quot;classic&quot;}\">\n\t\t\t\t\t\t<div class=\"elementor-container elementor-column-gap-default\">\n\t\t\t\t\t<div class=\"elementor-column elementor-col-100 elementor-top-column elementor-element elementor-element-2aedd54\" data-id=\"2aedd54\" data-element_type=\"column\">\n\t\t\t<div class=\"elementor-widget-wrap elementor-element-populated\">\n\t\t\t\t\t\t\t\t<section class=\"elementor-section elementor-inner-section elementor-element elementor-element-c07b6ba elementor-section-boxed elementor-section-height-default elementor-section-height-default wpr-particle-no wpr-jarallax-no wpr-parallax-no wpr-sticky-section-no\" data-id=\"c07b6ba\" data-element_type=\"section\">\n\t\t\t\t\t\t<div class=\"elementor-container elementor-column-gap-default\">\n\t\t\t\t\t<div class=\"elementor-column elementor-col-50 elementor-inner-column elementor-element elementor-element-212aab9\" data-id=\"212aab9\" data-element_type=\"column\">\n\t\t\t<div class=\"elementor-widget-wrap elementor-element-populated\">\n\t\t\t\t\t\t\t\t<div class=\"elementor-element elementor-element-0f3183d elementor-widget elementor-widget-heading\" data-id=\"0f3183d\" data-element_type=\"widget\" data-widget_type=\"heading.default\">\n\t\t\t\t<div class=\"elementor-widget-container\">\n\t\t\t<style>\/*! elementor - v3.18.0 - 20-12-2023 *\/\n.elementor-heading-title{padding:0;margin:0;line-height:1}.elementor-widget-heading .elementor-heading-title[class*=elementor-size-]>a{color:inherit;font-size:inherit;line-height:inherit}.elementor-widget-heading .elementor-heading-title.elementor-size-small{font-size:15px}.elementor-widget-heading .elementor-heading-title.elementor-size-medium{font-size:19px}.elementor-widget-heading .elementor-heading-title.elementor-size-large{font-size:29px}.elementor-widget-heading .elementor-heading-title.elementor-size-xl{font-size:39px}.elementor-widget-heading .elementor-heading-title.elementor-size-xxl{font-size:59px}<\/style><h2 class=\"elementor-heading-title elementor-size-default\">H\u00e4ufige <span class=\"pk\">Fragen<\/h2>\t\t<\/div>\n\t\t\t\t<\/div>\n\t\t\t\t\t<\/div>\n\t\t<\/div>\n\t\t\t\t<div class=\"elementor-column elementor-col-50 elementor-inner-column elementor-element elementor-element-a9a58d0 elementor-hidden-mobile\" data-id=\"a9a58d0\" data-element_type=\"column\">\n\t\t\t<div class=\"elementor-widget-wrap elementor-element-populated\">\n\t\t\t\t\t\t\t\t<div class=\"elementor-element elementor-element-50a901e elementor-hidden-mobile elementor-widget elementor-widget-image\" data-id=\"50a901e\" data-element_type=\"widget\" data-widget_type=\"image.default\">\n\t\t\t\t<div class=\"elementor-widget-container\">\n\t\t\t<style>\/*! elementor - v3.18.0 - 20-12-2023 *\/\n.elementor-widget-image{text-align:center}.elementor-widget-image a{display:inline-block}.elementor-widget-image a img[src$=\".svg\"]{width:48px}.elementor-widget-image img{vertical-align:middle;display:inline-block}<\/style>\t\t\t\t\t\t\t\t\t\t\t\t<img decoding=\"async\" width=\"228\" height=\"61\" src=\"https:\/\/ruplerandos.digiwox.eu\/wp-content\/uploads\/2024\/01\/Arroow-Elements.png\" class=\"attachment-large size-large wp-image-62\" alt=\"\" \/>\t\t\t\t\t\t\t\t\t\t\t\t\t\t\t<\/div>\n\t\t\t\t<\/div>\n\t\t\t\t\t<\/div>\n\t\t<\/div>\n\t\t\t\t\t\t\t<\/div>\n\t\t<\/section>\n\t\t\t\t\t<\/div>\n\t\t<\/div>\n\t\t\t\t\t\t\t<\/div>\n\t\t<\/section>\n\t\t\t\t<section class=\"elementor-section elementor-top-section elementor-element elementor-element-ee10cb2 elementor-section-boxed elementor-section-height-default elementor-section-height-default wpr-particle-no wpr-jarallax-no wpr-parallax-no wpr-sticky-section-no\" data-id=\"ee10cb2\" data-element_type=\"section\">\n\t\t\t\t\t\t<div class=\"elementor-container elementor-column-gap-default\">\n\t\t\t\t\t<div class=\"elementor-column elementor-col-100 elementor-top-column elementor-element elementor-element-23d2b97\" data-id=\"23d2b97\" data-element_type=\"column\">\n\t\t\t<div class=\"elementor-widget-wrap elementor-element-populated\">\n\t\t\t\t\t\t\t\t<section class=\"elementor-section elementor-inner-section elementor-element elementor-element-de55d6f elementor-section-boxed elementor-section-height-default elementor-section-height-default wpr-particle-no wpr-jarallax-no wpr-parallax-no wpr-sticky-section-no\" data-id=\"de55d6f\" data-element_type=\"section\">\n\t\t\t\t\t\t<div class=\"elementor-container elementor-column-gap-default\">\n\t\t\t\t\t<div class=\"elementor-column elementor-col-50 elementor-inner-column elementor-element elementor-element-77d7625\" data-id=\"77d7625\" data-element_type=\"column\">\n\t\t\t<div class=\"elementor-widget-wrap elementor-element-populated\">\n\t\t\t\t\t\t\t\t<div class=\"elementor-element elementor-element-cc9e2cc elementor-widget elementor-widget-eael-adv-accordion\" data-id=\"cc9e2cc\" data-element_type=\"widget\" data-widget_type=\"eael-adv-accordion.default\">\n\t\t\t\t<div class=\"elementor-widget-container\">\n\t\t\t        <div class=\"eael-adv-accordion\" id=\"eael-adv-accordion-cc9e2cc\" data-scroll-on-click=\"no\" data-scroll-speed=\"300\" data-accordion-id=\"cc9e2cc\" data-accordion-type=\"accordion\" data-toogle-speed=\"300\">\n    <div class=\"eael-accordion-list\">\n                <div id=\"warum-sollte-ich-eine-professionelle-entrmpelungsfirma-beauftragen\" class=\"elementor-tab-title eael-accordion-header\" tabindex=\"0\" data-tab=\"1\" aria-controls=\"elementor-tab-content-2141\"><span class=\"eael-accordion-tab-title\">Warum sollte ich eine professionelle Entr\u00fcmpelungsfirma beauftragen?<\/span><span class=\"fa-toggle fa-toggle-svg eaa-svg\"><svg xmlns=\"http:\/\/www.w3.org\/2000\/svg\" width=\"24\" height=\"24\" viewBox=\"0 0 24 24\" fill=\"none\"><g clip-path=\"url(#clip0_148_850)\"><path d=\"M19 14.9998H17V8.40976L5.41 19.9998L4 18.5898L15.59 6.99976H9V4.99976H19V14.9998Z\" fill=\"#131212\"><\/path><\/g><defs><clipPath id=\"clip0_148_850\"><rect width=\"24\" height=\"24\" fill=\"white\" transform=\"matrix(1 0 0 -1 0 24)\"><\/rect><\/clipPath><\/defs><\/svg><\/span><\/div><div id=\"elementor-tab-content-2141\" class=\"eael-accordion-content clearfix\" data-tab=\"1\" aria-labelledby=\"warum-sollte-ich-eine-professionelle-entrmpelungsfirma-beauftragen\"><div class=\"elementskit-single-faq elementor-repeater-item-d9fa2c9\"><div class=\"elementskit-faq-body\">Professionelle Entr\u00fcmpelungsdienste haben die Erfahrung, das Fachwissen und die Ressourcen, um die Entr\u00fcmpelung effizient und ordnungsgem\u00e4\u00df durchzuf\u00fchren. Sie k\u00fcmmern sich um die Entsorgung, Recycling und Reinigung, was Ihnen Zeit und Stress erspart.<\/div><\/div><div class=\"elementskit-single-faq elementor-repeater-item-1a01986\"><div class=\"elementskit-faq-header\">\u00a0<\/div><\/div><\/div>\n                <\/div><div class=\"eael-accordion-list\">\n                <div id=\"welche-art-von-rumlichkeiten-knnen-entrmpelt-werden\" class=\"elementor-tab-title eael-accordion-header\" tabindex=\"0\" data-tab=\"2\" aria-controls=\"elementor-tab-content-2142\"><span class=\"eael-accordion-tab-title\">Welche Art von R\u00e4umlichkeiten k\u00f6nnen entr\u00fcmpelt werden?<\/span><span class=\"fa-toggle fa-toggle-svg eaa-svg\"><svg xmlns=\"http:\/\/www.w3.org\/2000\/svg\" width=\"24\" height=\"24\" viewBox=\"0 0 24 24\" fill=\"none\"><g clip-path=\"url(#clip0_148_850)\"><path d=\"M19 14.9998H17V8.40976L5.41 19.9998L4 18.5898L15.59 6.99976H9V4.99976H19V14.9998Z\" fill=\"#131212\"><\/path><\/g><defs><clipPath id=\"clip0_148_850\"><rect width=\"24\" height=\"24\" fill=\"white\" transform=\"matrix(1 0 0 -1 0 24)\"><\/rect><\/clipPath><\/defs><\/svg><\/span><\/div><div id=\"elementor-tab-content-2142\" class=\"eael-accordion-content clearfix\" data-tab=\"2\" aria-labelledby=\"welche-art-von-rumlichkeiten-knnen-entrmpelt-werden\"><div class=\"elementskit-single-faq elementor-repeater-item-1a01986\"><div class=\"elementskit-faq-body\">Entr\u00fcmpelungsdienste k\u00f6nnen in Wohnungen, H\u00e4usern, B\u00fcros, Lagerh\u00e4usern, Garagen, Dachb\u00f6den, Kellern und vielen anderen Arten von R\u00e4umlichkeiten durchgef\u00fchrt werden.<\/div><\/div><div class=\"elementskit-single-faq elementor-repeater-item-c3ee460\"><div class=\"elementskit-faq-header\">\u00a0<\/div><\/div><\/div>\n                <\/div><div class=\"eael-accordion-list\">\n                <div id=\"muss-ich-persnlich-anwesend-sein-wenn-die-entrmpelung-durchgefhrt-wird\" class=\"elementor-tab-title eael-accordion-header\" tabindex=\"0\" data-tab=\"3\" aria-controls=\"elementor-tab-content-2143\"><span class=\"eael-accordion-tab-title\">Muss ich pers\u00f6nlich anwesend sein, wenn die Entr\u00fcmpelung durchgef\u00fchrt wird?<\/span><span class=\"fa-toggle fa-toggle-svg eaa-svg\"><svg xmlns=\"http:\/\/www.w3.org\/2000\/svg\" width=\"24\" height=\"24\" viewBox=\"0 0 24 24\" fill=\"none\"><g clip-path=\"url(#clip0_148_850)\"><path d=\"M19 14.9998H17V8.40976L5.41 19.9998L4 18.5898L15.59 6.99976H9V4.99976H19V14.9998Z\" fill=\"#131212\"><\/path><\/g><defs><clipPath id=\"clip0_148_850\"><rect width=\"24\" height=\"24\" fill=\"white\" transform=\"matrix(1 0 0 -1 0 24)\"><\/rect><\/clipPath><\/defs><\/svg><\/span><\/div><div id=\"elementor-tab-content-2143\" class=\"eael-accordion-content clearfix\" data-tab=\"3\" aria-labelledby=\"muss-ich-persnlich-anwesend-sein-wenn-die-entrmpelung-durchgefhrt-wird\"><div class=\"elementor-column elementor-col-50 elementor-inner-column elementor-element elementor-element-47c0e349\" data-id=\"47c0e349\" data-element_type=\"column\"><div class=\"elementor-widget-wrap elementor-element-populated\"><div class=\"elementor-element elementor-element-33dd5f62 elementor-widget elementor-widget-elementskit-faq\" data-id=\"33dd5f62\" data-element_type=\"widget\" data-widget_type=\"elementskit-faq.default\"><div class=\"elementor-widget-container\"><div class=\"ekit-wid-con\"><div class=\"elementskit-single-faq elementor-repeater-item-c3ee460\"><div class=\"elementskit-faq-body\">Nicht unbedingt. Sie k\u00f6nnen eine Vollmacht erteilen und Ihre Anwesenheit ist nicht zwingend erforderlich. Ein vertrauensw\u00fcrdiger Entr\u00fcmpelungsdienst kann die Arbeit in Ihrem Auftrag erledigen.<\/div><\/div><\/div><\/div><\/div><\/div><\/div><\/div>\n                <\/div><\/div>\t\t<\/div>\n\t\t\t\t<\/div>\n\t\t\t\t\t<\/div>\n\t\t<\/div>\n\t\t\t\t<div class=\"elementor-column elementor-col-50 elementor-inner-column elementor-element elementor-element-209f353\" data-id=\"209f353\" data-element_type=\"column\">\n\t\t\t<div class=\"elementor-widget-wrap elementor-element-populated\">\n\t\t\t\t\t\t\t\t<div class=\"elementor-element elementor-element-a38e5e9 elementor-widget elementor-widget-eael-adv-accordion\" data-id=\"a38e5e9\" data-element_type=\"widget\" data-widget_type=\"eael-adv-accordion.default\">\n\t\t\t\t<div class=\"elementor-widget-container\">\n\t\t\t        <div class=\"eael-adv-accordion\" id=\"eael-adv-accordion-a38e5e9\" data-scroll-on-click=\"no\" data-scroll-speed=\"300\" data-accordion-id=\"a38e5e9\" data-accordion-type=\"accordion\" data-toogle-speed=\"300\">\n    <div class=\"eael-accordion-list\">\n                <div id=\"was-passiert-mit-den-entfernten-gegenstnden\" class=\"elementor-tab-title eael-accordion-header\" tabindex=\"0\" data-tab=\"1\" aria-controls=\"elementor-tab-content-1711\"><span class=\"eael-accordion-tab-title\">Was passiert mit den entfernten Gegenst\u00e4nden?<\/span><span class=\"fa-toggle fa-toggle-svg eaa-svg\"><svg xmlns=\"http:\/\/www.w3.org\/2000\/svg\" width=\"24\" height=\"24\" viewBox=\"0 0 24 24\" fill=\"none\"><g clip-path=\"url(#clip0_148_850)\"><path d=\"M19 14.9998H17V8.40976L5.41 19.9998L4 18.5898L15.59 6.99976H9V4.99976H19V14.9998Z\" fill=\"#131212\"><\/path><\/g><defs><clipPath id=\"clip0_148_850\"><rect width=\"24\" height=\"24\" fill=\"white\" transform=\"matrix(1 0 0 -1 0 24)\"><\/rect><\/clipPath><\/defs><\/svg><\/span><\/div><div id=\"elementor-tab-content-1711\" class=\"eael-accordion-content clearfix\" data-tab=\"1\" aria-labelledby=\"was-passiert-mit-den-entfernten-gegenstnden\"><div class=\"elementskit-single-faq elementor-repeater-item-8e6e01e\"><div class=\"elementskit-faq-body\">Die entfernten Gegenst\u00e4nde werden je nach Zustand und Wert entweder entsorgt, recycelt, gespendet oder verkauft. Der Entr\u00fcmpelungsdienst k\u00fcmmert sich um die ordnungsgem\u00e4\u00dfe Entsorgung und Wiederverwertung.<\/div><\/div><div class=\"elementskit-single-faq elementor-repeater-item-55e5019\"><div class=\"elementskit-faq-header\">\u00a0<\/div><\/div><\/div>\n                <\/div><div class=\"eael-accordion-list\">\n                <div id=\"wie-viel-kostet-eine-entrmpelung\" class=\"elementor-tab-title eael-accordion-header\" tabindex=\"0\" data-tab=\"2\" aria-controls=\"elementor-tab-content-1712\"><span class=\"eael-accordion-tab-title\">Wie viel kostet eine Entr\u00fcmpelung?<\/span><span class=\"fa-toggle fa-toggle-svg eaa-svg\"><svg xmlns=\"http:\/\/www.w3.org\/2000\/svg\" width=\"24\" height=\"24\" viewBox=\"0 0 24 24\" fill=\"none\"><g clip-path=\"url(#clip0_148_850)\"><path d=\"M19 14.9998H17V8.40976L5.41 19.9998L4 18.5898L15.59 6.99976H9V4.99976H19V14.9998Z\" fill=\"#131212\"><\/path><\/g><defs><clipPath id=\"clip0_148_850\"><rect width=\"24\" height=\"24\" fill=\"white\" transform=\"matrix(1 0 0 -1 0 24)\"><\/rect><\/clipPath><\/defs><\/svg><\/span><\/div><div id=\"elementor-tab-content-1712\" class=\"eael-accordion-content clearfix\" data-tab=\"2\" aria-labelledby=\"wie-viel-kostet-eine-entrmpelung\"><div class=\"elementskit-single-faq elementor-repeater-item-55e5019\"><div class=\"elementskit-faq-body\">Die Kosten f\u00fcr eine Entr\u00fcmpelung variieren je nach Umfang der Arbeit, der Gr\u00f6\u00dfe des Raums und anderen Faktoren. Es ist ratsam, vorab ein Angebot von der Entr\u00fcmpelungsfirma einzuholen.<\/div><\/div><div class=\"elementskit-single-faq elementor-repeater-item-b3570ed\"><div class=\"elementskit-faq-header\">\u00a0<\/div><\/div><\/div>\n                <\/div><div class=\"eael-accordion-list\">\n                <div id=\"wie-lange-dauert-eine-entrmpelung-in-der-regel\" class=\"elementor-tab-title eael-accordion-header\" tabindex=\"0\" data-tab=\"3\" aria-controls=\"elementor-tab-content-1713\"><span class=\"eael-accordion-tab-title\">Wie lange dauert eine Entr\u00fcmpelung in der Regel?<\/span><span class=\"fa-toggle fa-toggle-svg eaa-svg\"><svg xmlns=\"http:\/\/www.w3.org\/2000\/svg\" width=\"24\" height=\"24\" viewBox=\"0 0 24 24\" fill=\"none\"><g clip-path=\"url(#clip0_148_850)\"><path d=\"M19 14.9998H17V8.40976L5.41 19.9998L4 18.5898L15.59 6.99976H9V4.99976H19V14.9998Z\" fill=\"#131212\"><\/path><\/g><defs><clipPath id=\"clip0_148_850\"><rect width=\"24\" height=\"24\" fill=\"white\" transform=\"matrix(1 0 0 -1 0 24)\"><\/rect><\/clipPath><\/defs><\/svg><\/span><\/div><div id=\"elementor-tab-content-1713\" class=\"eael-accordion-content clearfix\" data-tab=\"3\" aria-labelledby=\"wie-lange-dauert-eine-entrmpelung-in-der-regel\"><div class=\"elementor elementor-297\" data-elementor-type=\"wp-page\" data-elementor-id=\"297\" data-elementor-post-type=\"page\"><section id=\"xs_faq_1\" class=\"elementor-section elementor-top-section elementor-element elementor-element-35ae5fc elementor-section-boxed elementor-section-height-default elementor-section-height-default\" data-id=\"35ae5fc\" data-element_type=\"section\"><div class=\"elementor-container elementor-column-gap-default\"><div class=\"elementor-column elementor-col-100 elementor-top-column elementor-element elementor-element-19b3cd79\" data-id=\"19b3cd79\" data-element_type=\"column\"><div class=\"elementor-widget-wrap elementor-element-populated\"><section class=\"elementor-section elementor-inner-section elementor-element elementor-element-5b653ba8 elementor-section-boxed elementor-section-height-default elementor-section-height-default\" data-id=\"5b653ba8\" data-element_type=\"section\"><div class=\"elementor-container elementor-column-gap-default\"><div class=\"elementor-column elementor-col-50 elementor-inner-column elementor-element elementor-element-221ce6e0\" data-id=\"221ce6e0\" data-element_type=\"column\"><div class=\"elementor-widget-wrap elementor-element-populated\"><div class=\"elementor-element elementor-element-2f9f380d elementor-widget elementor-widget-elementskit-faq\" data-id=\"2f9f380d\" data-element_type=\"widget\" data-widget_type=\"elementskit-faq.default\"><div class=\"elementor-widget-container\"><div class=\"ekit-wid-con\"><div class=\"elementskit-single-faq elementor-repeater-item-b3570ed\"><div class=\"elementskit-faq-body\">Die Dauer einer Entr\u00fcmpelung h\u00e4ngt von verschiedenen Faktoren ab, einschlie\u00dflich der Gr\u00f6\u00dfe des Raums und des Umfangs der Arbeit. Eine einfache Entr\u00fcmpelung kann in wenigen Stunden abgeschlossen sein, w\u00e4hrend gr\u00f6\u00dfere Projekte mehrere Tage dauern k\u00f6nnen.<\/div><\/div><\/div><\/div><\/div><\/div><\/div><\/div><\/section><\/div><\/div><\/div><\/section><\/div><\/div>\n                <\/div><\/div>\t\t<\/div>\n\t\t\t\t<\/div>\n\t\t\t\t\t<\/div>\n\t\t<\/div>\n\t\t\t\t\t\t\t<\/div>\n\t\t<\/section>\n\t\t\t\t\t<\/div>\n\t\t<\/div>\n\t\t\t\t\t\t\t<\/div>\n\t\t<\/section>\n\t\t\t\t\t\t\t<\/div>\n\t\t","protected":false},"excerpt":{"rendered":"<p>H\u00e4ufige Fragen Warum sollte ich eine professionelle Entr\u00fcmpelungsfirma beauftragen?Professionelle Entr\u00fcmpelungsdienste haben die Erfahrung, das Fachwissen und die Ressourcen, um die Entr\u00fcmpelung effizient und ordnungsgem\u00e4\u00df durchzuf\u00fchren. Sie k\u00fcmmern sich um die Entsorgung, Recycling und Reinigung, was Ihnen Zeit und Stress erspart.\u00a0 Welche Art von R\u00e4umlichkeiten k\u00f6nnen entr\u00fcmpelt werden?Entr\u00fcmpelungsdienste k\u00f6nnen in Wohnungen, H\u00e4usern, B\u00fcros, Lagerh\u00e4usern, Garagen, Dachb\u00f6den, [&hellip;]<\/p>\n","protected":false},"author":1,"featured_media":0,"parent":0,"menu_order":0,"comment_status":"closed","ping_status":"closed","template":"elementor_header_footer","meta":{"footnotes":""},"_links":{"self":[{"href":"https:\/\/ruplerandos.digiwox.eu\/index.php\/wp-json\/wp\/v2\/pages\/18"}],"collection":[{"href":"https:\/\/ruplerandos.digiwox.eu\/index.php\/wp-json\/wp\/v2\/pages"}],"about":[{"href":"https:\/\/ruplerandos.digiwox.eu\/index.php\/wp-json\/wp\/v2\/types\/page"}],"author":[{"embeddable":true,"href":"https:\/\/ruplerandos.digiwox.eu\/index.php\/wp-json\/wp\/v2\/users\/1"}],"replies":[{"embeddable":true,"href":"https:\/\/ruplerandos.digiwox.eu\/index.php\/wp-json\/wp\/v2\/comments?post=18"}],"version-history":[{"count":13,"href":"https:\/\/ruplerandos.digiwox.eu\/index.php\/wp-json\/wp\/v2\/pages\/18\/revisions"}],"predecessor-version":[{"id":613,"href":"https:\/\/ruplerandos.digiwox.eu\/index.php\/wp-json\/wp\/v2\/pages\/18\/revisions\/613"}],"wp:attachment":[{"href":"https:\/\/ruplerandos.digiwox.eu\/index.php\/wp-json\/wp\/v2\/media?parent=18"}],"curies":[{"name":"wp","href":"https:\/\/api.w.org\/{rel}","templated":true}]}}